{"id":887,"date":"2023-07-20T15:15:04","date_gmt":"2023-07-20T13:15:04","guid":{"rendered":"https:\/\/klapperfeld.de\/?page_id=887"},"modified":"2023-07-20T15:15:05","modified_gmt":"2023-07-20T13:15:05","slug":"the-klapperfeld-from-1945","status":"publish","type":"page","link":"https:\/\/klapperfeld.de\/en\/permanent-exhibitions\/history-of-the-former-police-prison-and-its-use-during-national-socialism-1886-1945\/the-klapperfeld-from-1945\/","title":{"rendered":"<span>The Klapperfeld from 1945<\/span>"},"content":{"rendered":"\n<p>One month before the American army entered Frankfurt, the victorious powers decided at the Yalta Conference in February 1945 to divide Germany into four occupation zones. Accordingly, the Soviet Union, Great Britain, France and the USA each administered separate areas. The Allied Control Council, based in Berlin, was the supreme governing body of the victorious powers. It consisted of four supreme commanders of the respective armies.<\/p>\n\n\n\n<figure class=\"wp-block-image size-large\"><img loading=\"lazy\" decoding=\"async\" width=\"1280\" height=\"1280\" src=\"http:\/\/klapperfeld.de\/wp-content\/uploads\/\/Innenstadt_Ost_Luftaufnahme_1945_B_2016-07_250x250_RGB-1280x1280.jpg\" alt=\"Aerial view of the eastern city centre, ca. 1945: The police prison can be seen in the centre of the left half of the picture.\" class=\"wp-image-882\" srcset=\"https:\/\/klapperfeld.de\/wp-content\/uploads\/Innenstadt_Ost_Luftaufnahme_1945_B_2016-07_250x250_RGB-1280x1280.jpg 1280w, https:\/\/klapperfeld.de\/wp-content\/uploads\/Innenstadt_Ost_Luftaufnahme_1945_B_2016-07_250x250_RGB-600x600.jpg 600w, https:\/\/klapperfeld.de\/wp-content\/uploads\/Innenstadt_Ost_Luftaufnahme_1945_B_2016-07_250x250_RGB-150x150.jpg 150w, https:\/\/klapperfeld.de\/wp-content\/uploads\/Innenstadt_Ost_Luftaufnahme_1945_B_2016-07_250x250_RGB-768x768.jpg 768w, https:\/\/klapperfeld.de\/wp-content\/uploads\/Innenstadt_Ost_Luftaufnahme_1945_B_2016-07_250x250_RGB-1536x1536.jpg 1536w, https:\/\/klapperfeld.de\/wp-content\/uploads\/Innenstadt_Ost_Luftaufnahme_1945_B_2016-07_250x250_RGB-2048x2048.jpg 2048w, https:\/\/klapperfeld.de\/wp-content\/uploads\/Innenstadt_Ost_Luftaufnahme_1945_B_2016-07_250x250_RGB-1080x1080.jpg 1080w, https:\/\/klapperfeld.de\/wp-content\/uploads\/Innenstadt_Ost_Luftaufnahme_1945_B_2016-07_250x250_RGB-980x980.jpg 980w, https:\/\/klapperfeld.de\/wp-content\/uploads\/Innenstadt_Ost_Luftaufnahme_1945_B_2016-07_250x250_RGB-480x480.jpg 480w\" sizes=\"(max-width: 1280px) 100vw, 1280px\" \/><figcaption class=\"wp-element-caption\"><strong>Aerial view of the eastern city centre, ca. 1945:<\/strong> The police prison can be seen in the centre of the left half of the picture. In contrast to the old police headquarters, this one was only slightly destroyed. <em><em>(Source: <a rel=\"noreferrer noopener\" href=\"http:\/\/www.stadtgeschichte-ffm.de\/\" target=\"_blank\">Institut f\u00fcr Stadtgeschichte Frankfurt am Main<\/a> [Aus: Gewahrsam. R\u00e4ume der \u00dcberwachung; Hrsg. Arne Winkelmann und Yorck F\u00f6rster; Kehrer Verlag Heidelberg und Deutsches Architekturmuseum (DAM), Frankfurt a. M., 2007.])<\/em><\/em><\/figcaption><\/figure>\n\n\n\n<p>Frankfurt am Main belonged to the American zone and was under the administration of the American military government. The Klapperfeld police prison was also taken over by the Americans to imprison Nazis and people who had committed crimes.<\/p>\n\n\n\n<p>The majority of political prisoners were initially imprisoned in Klapperfeld. However, the space soon became insufficient and four weeks after the move into Frankfurt, the prison in Hammelsgasse had to be reconstructed as alternative quarters, which was initially refrained from because of more severe bomb damage. 150 prisoners were transferred from the Klapperfeld police prison to Hammelsgasse.<\/p>\n\n\n\n<p>In Klapperfeld, the first-aid room had been destroyed by a bomb, window panes were no longer available and the sanitary facilities were also inadequate for the conditions. In addition, the Klapperfeld police prison had become so infested with lice due to overcrowding and the poor treatment of the inmates during the Nazi regime that in April 1945 the Red Cross had to delouse it with DDT powder. Before that, no delousing could take place due to a lack of water in the police prison.<\/p>\n\n\n\n<figure class=\"wp-block-image size-large\"><img loading=\"lazy\" decoding=\"async\" width=\"1280\" height=\"935\" src=\"http:\/\/klapperfeld.de\/wp-content\/uploads\/\/Polizeigefaengnis_Sicht_Zeil_2016-07_250x180_RGB-1280x935.jpg\" alt=\"Photograph of the former police prison, 1951: The ruins of the old police headquarters have been almost completely demolished. At this time, the police headquarters is directly visible from the Zeil.\" class=\"wp-image-880\" srcset=\"https:\/\/klapperfeld.de\/wp-content\/uploads\/Polizeigefaengnis_Sicht_Zeil_2016-07_250x180_RGB-1280x936.jpg 1280w, https:\/\/klapperfeld.de\/wp-content\/uploads\/Polizeigefaengnis_Sicht_Zeil_2016-07_250x180_RGB-600x438.jpg 600w, https:\/\/klapperfeld.de\/wp-content\/uploads\/Polizeigefaengnis_Sicht_Zeil_2016-07_250x180_RGB-768x561.jpg 768w, https:\/\/klapperfeld.de\/wp-content\/uploads\/Polizeigefaengnis_Sicht_Zeil_2016-07_250x180_RGB-1536x1122.jpg 1536w, https:\/\/klapperfeld.de\/wp-content\/uploads\/Polizeigefaengnis_Sicht_Zeil_2016-07_250x180_RGB-2048x1496.jpg 2048w, https:\/\/klapperfeld.de\/wp-content\/uploads\/Polizeigefaengnis_Sicht_Zeil_2016-07_250x180_RGB-1080x789.jpg 1080w, https:\/\/klapperfeld.de\/wp-content\/uploads\/Polizeigefaengnis_Sicht_Zeil_2016-07_250x180_RGB-980x716.jpg 980w, https:\/\/klapperfeld.de\/wp-content\/uploads\/Polizeigefaengnis_Sicht_Zeil_2016-07_250x180_RGB-480x351.jpg 480w\" sizes=\"(max-width: 1280px) 100vw, 1280px\" \/><figcaption class=\"wp-element-caption\"><strong>Photograph of the former police prison, 1951:<\/strong> The ruins of the old police headquarters have been almost completely demolished. At this time, the police headquarters is directly visible from the Zeil. Today, the Klapperfeld is once again obscured by the building of the Higher Regional Court. <em>(Source: <a rel=\"noreferrer noopener\" href=\"http:\/\/www.stadtgeschichte-ffm.de\/\" target=\"_blank\">Institut f\u00fcr Stadtgeschichte Frankfurt am Main<\/a> [Aus: Gewahrsam. R\u00e4ume der \u00dcberwachung; Hrsg. Arne Winkelmann und Yorck F\u00f6rster; Kehrer Verlag Heidelberg und Deutsches Architekturmuseum (DAM), Frankfurt a. M., 2007.])<\/em><\/figcaption><\/figure>\n\n\n\n<p>The prison was equipped with bugs by the Americans so that the Nazis could be bugged before their trials.<\/p>\n\n\n\n<p>The arrests in the first weeks of the war were mostly based on anonymous reports. Basic guidelines for political arrests did not exist at that time. The first arrests took place on 7 April 1945, the first interrogations on 11 and 12 April 1945.<\/p>\n\n\n\n<p>In April, 20 trained criminal police officers and 30 employees worked in the Klapperfeld police prison. Among the employees were several former concentration camp inmates.<\/p>\n\n\n\n<p>In the course of April 1945, the American military government decided that anonymous reports could no longer be accepted. From now on, if a report was to be taken, one had to show one\u2018s identity card.<\/p>\n\n\n\n<p>In April 1945 there were 460 prisoners in the Klapperfeld police prison, including 440 political prisoners. In May 1945, 615 people were imprisoned in Klapperfeld, 533 men and 82 women. The proportion of political prisoners is not yet known.<\/p>\n\n\n\n<p>The political prisoners were allowed half an hour of fresh air in the yard each day.<\/p>\n\n\n\n<figure class=\"wp-block-image size-large\"><img loading=\"lazy\" decoding=\"async\" width=\"1280\" height=\"935\" src=\"http:\/\/klapperfeld.de\/wp-content\/uploads\/\/Ruinen_und_Neubau_am_der_Ostzeil_1955_2016-07_250x180_RGB-1280x935.jpg\" alt=\"New buildings on the Ostzeil, 1955: The ruins around the Klapperfeld are cleared away. A new building is constructed on the site of the old police headquarters.\" class=\"wp-image-878\" srcset=\"https:\/\/klapperfeld.de\/wp-content\/uploads\/Ruinen_und_Neubau_am_der_Ostzeil_1955_2016-07_250x180_RGB-1280x936.jpg 1280w, https:\/\/klapperfeld.de\/wp-content\/uploads\/Ruinen_und_Neubau_am_der_Ostzeil_1955_2016-07_250x180_RGB-600x438.jpg 600w, https:\/\/klapperfeld.de\/wp-content\/uploads\/Ruinen_und_Neubau_am_der_Ostzeil_1955_2016-07_250x180_RGB-768x561.jpg 768w, https:\/\/klapperfeld.de\/wp-content\/uploads\/Ruinen_und_Neubau_am_der_Ostzeil_1955_2016-07_250x180_RGB-1536x1122.jpg 1536w, https:\/\/klapperfeld.de\/wp-content\/uploads\/Ruinen_und_Neubau_am_der_Ostzeil_1955_2016-07_250x180_RGB-2048x1496.jpg 2048w, https:\/\/klapperfeld.de\/wp-content\/uploads\/Ruinen_und_Neubau_am_der_Ostzeil_1955_2016-07_250x180_RGB-1080x789.jpg 1080w, https:\/\/klapperfeld.de\/wp-content\/uploads\/Ruinen_und_Neubau_am_der_Ostzeil_1955_2016-07_250x180_RGB-980x716.jpg 980w, https:\/\/klapperfeld.de\/wp-content\/uploads\/Ruinen_und_Neubau_am_der_Ostzeil_1955_2016-07_250x180_RGB-480x351.jpg 480w\" sizes=\"(max-width: 1280px) 100vw, 1280px\" \/><figcaption class=\"wp-element-caption\">New buildings on the Ostzeil, 1955: The ruins around the Klapperfeld are cleared away. A new building is constructed on the site of the old police headquarters. <em>(Source: <a rel=\"noreferrer noopener\" href=\"http:\/\/www.stadtgeschichte-ffm.de\/\" target=\"_blank\">Institut f\u00fcr Stadtgeschichte Frankfurt am Main<\/a> [Aus: Gewahrsam. R\u00e4ume der \u00dcberwachung; Hrsg. Arne Winkelmann und Yorck F\u00f6rster; Kehrer Verlag Heidelberg und Deutsches Architekturmuseum (DAM), Frankfurt a. M., 2007.])<\/em><\/figcaption><\/figure>\n\n\n\n<p>In September 1945, the American military government decided to place the state prisons under their own administrative management after a complete denazification of the various cities. The guards were to be given uniform uniforms and armed.<\/p>\n\n\n\n<p>Furthermore, new prison regulations were to be issued that would be uniform with other state prisons. However, the prisons were still controlled by MPs (American military police).<\/p>\n\n\n\n<figure class=\"wp-block-image size-full\"><img loading=\"lazy\" decoding=\"async\" width=\"1807\" height=\"2560\" src=\"https:\/\/klapperfeld.de\/wp-content\/uploads\/Hausordnung_770-165_2016-07_350x500_RGB-scaled.jpg\" alt=\"House rules of the Klapperfeld police prison, after 1945\" class=\"wp-image-884\" srcset=\"https:\/\/klapperfeld.de\/wp-content\/uploads\/Hausordnung_770-165_2016-07_350x500_RGB-scaled.jpg 1807w, https:\/\/klapperfeld.de\/wp-content\/uploads\/Hausordnung_770-165_2016-07_350x500_RGB-1280x1813.jpg 1280w, https:\/\/klapperfeld.de\/wp-content\/uploads\/Hausordnung_770-165_2016-07_350x500_RGB-980x1388.jpg 980w, https:\/\/klapperfeld.de\/wp-content\/uploads\/Hausordnung_770-165_2016-07_350x500_RGB-480x680.jpg 480w\" sizes=\"(min-width: 0px) and (max-width: 480px) 480px, (min-width: 481px) and (max-width: 980px) 980px, (min-width: 981px) and (max-width: 1280px) 1280px, (min-width: 1281px) 1807px, 100vw\" \/><figcaption class=\"wp-element-caption\"><strong>House rules of the Klapperfeld police prison, after 1945<\/strong> <em>(Source: <a rel=\"noreferrer noopener\" href=\"http:\/\/www.hauptstaatsarchiv.hessen.de\/\" target=\"_blank\">Hessisches Hauptstaatsarchiv<\/a>)<\/em><\/figcaption><\/figure>\n\n\n\n<p><em><strong>Source:<\/strong> Stadtarchiv Frankfurt am Main: Magistratsakten Zugang 47\/69; Sig. 5887<\/em><\/p>\n","protected":false},"excerpt":{"rendered":"<p>One month before the American army entered Frankfurt, the victorious powers decided at the Yalta Conference in February 1945 to divide Germany into four occupation zones. Accordingly, the Soviet Union, Great Britain, France and the USA each administered separate areas. The Allied Control Council, based in Berlin, was the supreme governing body of the victorious [&hellip;]<\/p>\n","protected":false},"author":1,"featured_media":121,"parent":670,"menu_order":26,"comment_status":"closed","ping_status":"closed","template":"","meta":{"_et_pb_use_builder":"off","_et_pb_old_content":"","_et_gb_content_width":"","inline_featured_image":false,"footnotes":""},"class_list":["post-887","page","type-page","status-publish","has-post-thumbnail","hentry"],"_links":{"self":[{"href":"https:\/\/klapperfeld.de\/en\/wp-json\/wp\/v2\/pages\/887","targetHints":{"allow":["GET"]}}],"collection":[{"href":"https:\/\/klapperfeld.de\/en\/wp-json\/wp\/v2\/pages"}],"about":[{"href":"https:\/\/klapperfeld.de\/en\/wp-json\/wp\/v2\/types\/page"}],"author":[{"embeddable":true,"href":"https:\/\/klapperfeld.de\/en\/wp-json\/wp\/v2\/users\/1"}],"replies":[{"embeddable":true,"href":"https:\/\/klapperfeld.de\/en\/wp-json\/wp\/v2\/comments?post=887"}],"version-history":[{"count":1,"href":"https:\/\/klapperfeld.de\/en\/wp-json\/wp\/v2\/pages\/887\/revisions"}],"predecessor-version":[{"id":888,"href":"https:\/\/klapperfeld.de\/en\/wp-json\/wp\/v2\/pages\/887\/revisions\/888"}],"up":[{"embeddable":true,"href":"https:\/\/klapperfeld.de\/en\/wp-json\/wp\/v2\/pages\/670"}],"wp:featuredmedia":[{"embeddable":true,"href":"https:\/\/klapperfeld.de\/en\/wp-json\/wp\/v2\/media\/121"}],"wp:attachment":[{"href":"https:\/\/klapperfeld.de\/en\/wp-json\/wp\/v2\/media?parent=887"}],"curies":[{"name":"wp","href":"https:\/\/api.w.org\/{rel}","templated":true}]}}